{"id":11112,"date":"2025-06-03T11:19:32","date_gmt":"2025-06-03T09:19:32","guid":{"rendered":"https:\/\/jbsolutions.pl\/?page_id=11112"},"modified":"2025-07-11T11:09:44","modified_gmt":"2025-07-11T09:09:44","slug":"promotion-regulations","status":"publish","type":"page","link":"https:\/\/jbsolutions.pl\/en\/promotion-regulations\/","title":{"rendered":"Promotion regulations"},"content":{"rendered":"","protected":false},"excerpt":{"rendered":"","protected":false},"author":2,"featured_media":0,"parent":0,"menu_order":0,"comment_status":"closed","ping_status":"closed","template":"","meta":{"_acf_changed":false,"footnotes":""},"class_list":["post-11112","page","type-page","status-publish","hentry"],"acf":[],"yoast_head":"<!-- This site is optimized with the Yoast SEO plugin v26.7 - https:\/\/yoast.com\/wordpress\/plugins\/seo\/ -->\n<title>Regulamin \u015bwiadczenia us\u0142ug drog\u0105 elektroniczn\u0105 - JB Solutions<\/title>\n<meta name=\"robots\" content=\"noindex, nofollow\" \/>\n<meta property=\"og:locale\" content=\"en_US\" \/>\n<meta property=\"og:type\" content=\"article\" \/>\n<meta property=\"og:title\" content=\"Regulamin \u015bwiadczenia us\u0142ug drog\u0105 elektroniczn\u0105 - JB Solutions\" \/>\n<meta property=\"og:url\" content=\"https:\/\/jbsolutions.pl\/en\/promotion-regulations\/\" \/>\n<meta property=\"og:site_name\" content=\"JB Solutions\" \/>\n<meta property=\"article:modified_time\" content=\"2025-07-11T09:09:44+00:00\" \/>\n<meta property=\"og:image\" content=\"https:\/\/jbsolutions.pl\/wp-content\/uploads\/2024\/06\/JBS_Logo_Podstawowy_Tagline.jpg\" \/>\n\t<meta property=\"og:image:width\" content=\"1200\" \/>\n\t<meta property=\"og:image:height\" content=\"675\" \/>\n\t<meta property=\"og:image:type\" content=\"image\/jpeg\" \/>\n<meta name=\"twitter:card\" content=\"summary_large_image\" \/>\n<script type=\"application\/ld+json\" class=\"yoast-schema-graph\">{\"@context\":\"https:\/\/schema.org\",\"@graph\":[{\"@type\":\"WebPage\",\"@id\":\"https:\/\/jbsolutions.pl\/en\/promotion-regulations\/\",\"url\":\"https:\/\/jbsolutions.pl\/en\/promotion-regulations\/\",\"name\":\"Regulamin \u015bwiadczenia us\u0142ug drog\u0105 elektroniczn\u0105 - JB Solutions\",\"isPartOf\":{\"@id\":\"https:\/\/jbsolutions.pl\/en\/#website\"},\"datePublished\":\"2025-06-03T09:19:32+00:00\",\"dateModified\":\"2025-07-11T09:09:44+00:00\",\"breadcrumb\":{\"@id\":\"https:\/\/jbsolutions.pl\/en\/promotion-regulations\/#breadcrumb\"},\"inLanguage\":\"en-US\",\"potentialAction\":[{\"@type\":\"ReadAction\",\"target\":[\"https:\/\/jbsolutions.pl\/en\/promotion-regulations\/\"]}]},{\"@type\":\"BreadcrumbList\",\"@id\":\"https:\/\/jbsolutions.pl\/en\/promotion-regulations\/#breadcrumb\",\"itemListElement\":[{\"@type\":\"ListItem\",\"position\":1,\"name\":\"jbs.kre-net.pl\",\"item\":\"https:\/\/jbsolutions.pl\/en\/\"},{\"@type\":\"ListItem\",\"position\":2,\"name\":\"Promotion regulations\"}]},{\"@type\":\"WebSite\",\"@id\":\"https:\/\/jbsolutions.pl\/en\/#website\",\"url\":\"https:\/\/jbsolutions.pl\/en\/\",\"name\":\"JB Solutions\",\"description\":\"Ksi\u0119gowo\u015b\u0107, kadry i doradztwo\",\"publisher\":{\"@id\":\"https:\/\/jbsolutions.pl\/en\/#organization\"},\"potentialAction\":[{\"@type\":\"SearchAction\",\"target\":{\"@type\":\"EntryPoint\",\"urlTemplate\":\"https:\/\/jbsolutions.pl\/en\/?s={search_term_string}\"},\"query-input\":{\"@type\":\"PropertyValueSpecification\",\"valueRequired\":true,\"valueName\":\"search_term_string\"}}],\"inLanguage\":\"en-US\"},{\"@type\":\"Organization\",\"@id\":\"https:\/\/jbsolutions.pl\/en\/#organization\",\"name\":\"JB Solutions\",\"url\":\"https:\/\/jbsolutions.pl\/en\/\",\"logo\":{\"@type\":\"ImageObject\",\"inLanguage\":\"en-US\",\"@id\":\"https:\/\/jbsolutions.pl\/en\/#\/schema\/logo\/image\/\",\"url\":\"https:\/\/jbsolutions.pl\/wp-content\/uploads\/2024\/05\/JBS-sygnet-punkt.png\",\"contentUrl\":\"https:\/\/jbsolutions.pl\/wp-content\/uploads\/2024\/05\/JBS-sygnet-punkt.png\",\"width\":50,\"height\":50,\"caption\":\"JB Solutions\"},\"image\":{\"@id\":\"https:\/\/jbsolutions.pl\/en\/#\/schema\/logo\/image\/\"}}]}<\/script>\n<!-- \/ Yoast SEO plugin. -->","yoast_head_json":{"title":"Regulamin \u015bwiadczenia us\u0142ug drog\u0105 elektroniczn\u0105 - JB Solutions","robots":{"index":"noindex","follow":"nofollow"},"og_locale":"en_US","og_type":"article","og_title":"Regulamin \u015bwiadczenia us\u0142ug drog\u0105 elektroniczn\u0105 - JB Solutions","og_url":"https:\/\/jbsolutions.pl\/en\/promotion-regulations\/","og_site_name":"JB Solutions","article_modified_time":"2025-07-11T09:09:44+00:00","og_image":[{"width":1200,"height":675,"url":"https:\/\/jbsolutions.pl\/wp-content\/uploads\/2024\/06\/JBS_Logo_Podstawowy_Tagline.jpg","type":"image\/jpeg"}],"twitter_card":"summary_large_image","schema":{"@context":"https:\/\/schema.org","@graph":[{"@type":"WebPage","@id":"https:\/\/jbsolutions.pl\/en\/promotion-regulations\/","url":"https:\/\/jbsolutions.pl\/en\/promotion-regulations\/","name":"Regulamin \u015bwiadczenia us\u0142ug drog\u0105 elektroniczn\u0105 - JB Solutions","isPartOf":{"@id":"https:\/\/jbsolutions.pl\/en\/#website"},"datePublished":"2025-06-03T09:19:32+00:00","dateModified":"2025-07-11T09:09:44+00:00","breadcrumb":{"@id":"https:\/\/jbsolutions.pl\/en\/promotion-regulations\/#breadcrumb"},"inLanguage":"en-US","potentialAction":[{"@type":"ReadAction","target":["https:\/\/jbsolutions.pl\/en\/promotion-regulations\/"]}]},{"@type":"BreadcrumbList","@id":"https:\/\/jbsolutions.pl\/en\/promotion-regulations\/#breadcrumb","itemListElement":[{"@type":"ListItem","position":1,"name":"jbs.kre-net.pl","item":"https:\/\/jbsolutions.pl\/en\/"},{"@type":"ListItem","position":2,"name":"Promotion regulations"}]},{"@type":"WebSite","@id":"https:\/\/jbsolutions.pl\/en\/#website","url":"https:\/\/jbsolutions.pl\/en\/","name":"JB Solutions","description":"Ksi\u0119gowo\u015b\u0107, kadry i doradztwo","publisher":{"@id":"https:\/\/jbsolutions.pl\/en\/#organization"},"potentialAction":[{"@type":"SearchAction","target":{"@type":"EntryPoint","urlTemplate":"https:\/\/jbsolutions.pl\/en\/?s={search_term_string}"},"query-input":{"@type":"PropertyValueSpecification","valueRequired":true,"valueName":"search_term_string"}}],"inLanguage":"en-US"},{"@type":"Organization","@id":"https:\/\/jbsolutions.pl\/en\/#organization","name":"JB Solutions","url":"https:\/\/jbsolutions.pl\/en\/","logo":{"@type":"ImageObject","inLanguage":"en-US","@id":"https:\/\/jbsolutions.pl\/en\/#\/schema\/logo\/image\/","url":"https:\/\/jbsolutions.pl\/wp-content\/uploads\/2024\/05\/JBS-sygnet-punkt.png","contentUrl":"https:\/\/jbsolutions.pl\/wp-content\/uploads\/2024\/05\/JBS-sygnet-punkt.png","width":50,"height":50,"caption":"JB Solutions"},"image":{"@id":"https:\/\/jbsolutions.pl\/en\/#\/schema\/logo\/image\/"}}]}},"_links":{"self":[{"href":"https:\/\/jbsolutions.pl\/en\/wp-json\/wp\/v2\/pages\/11112","targetHints":{"allow":["GET"]}}],"collection":[{"href":"https:\/\/jbsolutions.pl\/en\/wp-json\/wp\/v2\/pages"}],"about":[{"href":"https:\/\/jbsolutions.pl\/en\/wp-json\/wp\/v2\/types\/page"}],"author":[{"embeddable":true,"href":"https:\/\/jbsolutions.pl\/en\/wp-json\/wp\/v2\/users\/2"}],"replies":[{"embeddable":true,"href":"https:\/\/jbsolutions.pl\/en\/wp-json\/wp\/v2\/comments?post=11112"}],"version-history":[{"count":3,"href":"https:\/\/jbsolutions.pl\/en\/wp-json\/wp\/v2\/pages\/11112\/revisions"}],"predecessor-version":[{"id":11122,"href":"https:\/\/jbsolutions.pl\/en\/wp-json\/wp\/v2\/pages\/11112\/revisions\/11122"}],"wp:attachment":[{"href":"https:\/\/jbsolutions.pl\/en\/wp-json\/wp\/v2\/media?parent=11112"}],"curies":[{"name":"wp","href":"https:\/\/api.w.org\/{rel}","templated":true}]}}